{"id":6551,"date":"2022-06-14T12:32:04","date_gmt":"2022-06-14T10:32:04","guid":{"rendered":"https:\/\/www.intermercato.com\/?page_id=6551"},"modified":"2024-01-31T19:28:58","modified_gmt":"2024-01-31T18:28:58","slug":"sobre-nosotros","status":"publish","type":"page","link":"https:\/\/www.intermercato.com\/es\/sobre-nosotros\/","title":{"rendered":"SOBRE NOSOTROS"},"content":{"rendered":"<h1><strong>Sobre nosotros<\/strong><\/h1>\n<h6><strong>Intermercato es una empresa familiar sueca que ofrece una de las gamas m\u00e1s vers\u00e1tiles del mundo de equipos de elevaci\u00f3n de alta calidad para la silvicultura, el transporte, la construcci\u00f3n y el reciclaje.<\/strong><\/h6>\n<p>Intermercato fabrica garras, cucharas hidraulicas, rotores y b\u00e1sculas de gr\u00faa para la exportaci\u00f3n a m\u00e1s de 40 pa\u00edses en los 5 continentes. Con 30 a\u00f1os de experiencia y un fuerte respaldo a la I+D, afrontamos el futuro con confianza.<\/p>\n<h2><em>Concepto de negocio<\/em><\/h2>\n<p>La fortaleza de Intermercato consistir\u00e1 en un claro enfoque en soluciones innovadoras, principalmente dentro de las industrias de reciclaje y bioenerg\u00eda.<\/p>\n<p>Lideraremos el camino en el desarrollo t\u00e9cnico y desarrollaremos nuevos productos desde cero, mediante una interacci\u00f3n muy estrecha con nuestros clientes y proveedores.<\/p>\n<p>Ofreceremos al mercado una de las gamas m\u00e1s amplias y asequibles del mundo de accesorios de elevaci\u00f3n y carga de alto rendimiento para silvicultura, construcci\u00f3n, transporte y reciclaje.<\/p>\n<h2><em>Pol\u00edtica de negocio<\/em><\/h2>\n<p>Todos nuestros empleados y colaboradores se implicar\u00e1n y se preocupar\u00e1n por realizar el trabajo con nuestro nivel de calidad, centr\u00e1ndose en ofrecer:<\/p>\n<ul>\n<li>Soluciones \u00f3ptimas basadas en los requisitos establecidos y en consultas con el cliente.<\/li>\n<li>Un servicio r\u00e1pido y la gesti\u00f3n de todos los asuntos, grandes y peque\u00f1os.<\/li>\n<li>Confianza como socio y proveedor.<\/li>\n<li>Una mejora constante de nuestros productos y servicios, mediante un estrecho di\u00e1logo con nuestros clientes.<\/li>\n<\/ul>\n<p>Contribuiremos a un desarrollo sostenible tanto con nuestros productos como con nuestro negocio.<\/p>\n<p>Nuestro trabajo medioambiental ser\u00e1 un proceso continuo en el que nos esforzamos por utilizar las mejores t\u00e9cnicas desde el punto de vista ecol\u00f3gico.<\/p>\n<p>Cumpliremos con la ley y observaremos las normativas vigentes.<\/p>\n<p>&nbsp;<\/p>\n","protected":false},"excerpt":{"rendered":"<p>Sobre nosotros Intermercato es una empresa familiar sueca que ofrece una de las gamas m\u00e1s vers\u00e1tiles del mundo de equipos de elevaci\u00f3n de alta calidad para la silvicultura, el transporte, [&hellip;]<\/p>\n","protected":false},"author":4,"featured_media":0,"parent":0,"menu_order":0,"comment_status":"closed","ping_status":"closed","template":"","meta":{"_acf_changed":false,"om_disable_all_campaigns":false,"_monsterinsights_skip_tracking":false,"_monsterinsights_sitenote_active":false,"_monsterinsights_sitenote_note":"","_monsterinsights_sitenote_category":0,"_uf_show_specific_survey":0,"_uf_disable_surveys":false,"footnotes":""},"class_list":["post-6551","page","type-page","status-publish","hentry"],"acf":[],"aioseo_notices":[],"yoast_head":"<!-- This site is optimized with the Yoast SEO plugin v27.4 - https:\/\/yoast.com\/product\/yoast-seo-wordpress\/ -->\n<title>SOBRE NOSOTROS - Intermercato<\/title>\n<meta name=\"robots\" content=\"index, follow, max-snippet:-1, max-image-preview:large, max-video-preview:-1\" \/>\n<link rel=\"canonical\" href=\"https:\/\/www.intermercato.com\/es\/sobre-nosotros\/\" \/>\n<meta property=\"og:locale\" content=\"es_ES\" \/>\n<meta property=\"og:type\" content=\"article\" \/>\n<meta property=\"og:title\" content=\"SOBRE NOSOTROS - Intermercato\" \/>\n<meta property=\"og:description\" content=\"Sobre nosotros Intermercato es una empresa familiar sueca que ofrece una de las gamas m\u00e1s vers\u00e1tiles del mundo de equipos de elevaci\u00f3n de alta calidad para la silvicultura, el transporte, [&hellip;]\" \/>\n<meta property=\"og:url\" content=\"https:\/\/www.intermercato.com\/es\/sobre-nosotros\/\" \/>\n<meta property=\"og:site_name\" content=\"Intermercato\" \/>\n<meta property=\"article:modified_time\" content=\"2024-01-31T18:28:58+00:00\" \/>\n<meta name=\"twitter:label1\" content=\"Tiempo de lectura\" \/>\n\t<meta name=\"twitter:data1\" content=\"2 minutos\" \/>\n<script type=\"application\/ld+json\" class=\"yoast-schema-graph\">{\"@context\":\"https:\\\/\\\/schema.org\",\"@graph\":[{\"@type\":\"WebPage\",\"@id\":\"https:\\\/\\\/www.intermercato.com\\\/es\\\/sobre-nosotros\\\/\",\"url\":\"https:\\\/\\\/www.intermercato.com\\\/es\\\/sobre-nosotros\\\/\",\"name\":\"SOBRE NOSOTROS - Intermercato\",\"isPartOf\":{\"@id\":\"https:\\\/\\\/www.intermercato.com\\\/#website\"},\"datePublished\":\"2022-06-14T10:32:04+00:00\",\"dateModified\":\"2024-01-31T18:28:58+00:00\",\"breadcrumb\":{\"@id\":\"https:\\\/\\\/www.intermercato.com\\\/es\\\/sobre-nosotros\\\/#breadcrumb\"},\"inLanguage\":\"es\",\"potentialAction\":[{\"@type\":\"ReadAction\",\"target\":[\"https:\\\/\\\/www.intermercato.com\\\/es\\\/sobre-nosotros\\\/\"]}]},{\"@type\":\"BreadcrumbList\",\"@id\":\"https:\\\/\\\/www.intermercato.com\\\/es\\\/sobre-nosotros\\\/#breadcrumb\",\"itemListElement\":[{\"@type\":\"ListItem\",\"position\":1,\"name\":\"Home\",\"item\":\"https:\\\/\\\/www.intermercato.com\\\/es\\\/\"},{\"@type\":\"ListItem\",\"position\":2,\"name\":\"SOBRE NOSOTROS\"}]},{\"@type\":\"WebSite\",\"@id\":\"https:\\\/\\\/www.intermercato.com\\\/#website\",\"url\":\"https:\\\/\\\/www.intermercato.com\\\/\",\"name\":\"Intermercato\",\"description\":\"High performance lift and load attachments for Forestry, Transport, Construction and Recycling\",\"potentialAction\":[{\"@type\":\"SearchAction\",\"target\":{\"@type\":\"EntryPoint\",\"urlTemplate\":\"https:\\\/\\\/www.intermercato.com\\\/?s={search_term_string}\"},\"query-input\":{\"@type\":\"PropertyValueSpecification\",\"valueRequired\":true,\"valueName\":\"search_term_string\"}}],\"inLanguage\":\"es\"}]}<\/script>\n<!-- \/ Yoast SEO plugin. -->","yoast_head_json":{"title":"SOBRE NOSOTROS - Intermercato","robots":{"index":"index","follow":"follow","max-snippet":"max-snippet:-1","max-image-preview":"max-image-preview:large","max-video-preview":"max-video-preview:-1"},"canonical":"https:\/\/www.intermercato.com\/es\/sobre-nosotros\/","og_locale":"es_ES","og_type":"article","og_title":"SOBRE NOSOTROS - Intermercato","og_description":"Sobre nosotros Intermercato es una empresa familiar sueca que ofrece una de las gamas m\u00e1s vers\u00e1tiles del mundo de equipos de elevaci\u00f3n de alta calidad para la silvicultura, el transporte, [&hellip;]","og_url":"https:\/\/www.intermercato.com\/es\/sobre-nosotros\/","og_site_name":"Intermercato","article_modified_time":"2024-01-31T18:28:58+00:00","twitter_misc":{"Tiempo de lectura":"2 minutos"},"schema":{"@context":"https:\/\/schema.org","@graph":[{"@type":"WebPage","@id":"https:\/\/www.intermercato.com\/es\/sobre-nosotros\/","url":"https:\/\/www.intermercato.com\/es\/sobre-nosotros\/","name":"SOBRE NOSOTROS - Intermercato","isPartOf":{"@id":"https:\/\/www.intermercato.com\/#website"},"datePublished":"2022-06-14T10:32:04+00:00","dateModified":"2024-01-31T18:28:58+00:00","breadcrumb":{"@id":"https:\/\/www.intermercato.com\/es\/sobre-nosotros\/#breadcrumb"},"inLanguage":"es","potentialAction":[{"@type":"ReadAction","target":["https:\/\/www.intermercato.com\/es\/sobre-nosotros\/"]}]},{"@type":"BreadcrumbList","@id":"https:\/\/www.intermercato.com\/es\/sobre-nosotros\/#breadcrumb","itemListElement":[{"@type":"ListItem","position":1,"name":"Home","item":"https:\/\/www.intermercato.com\/es\/"},{"@type":"ListItem","position":2,"name":"SOBRE NOSOTROS"}]},{"@type":"WebSite","@id":"https:\/\/www.intermercato.com\/#website","url":"https:\/\/www.intermercato.com\/","name":"Intermercato","description":"High performance lift and load attachments for Forestry, Transport, Construction and Recycling","potentialAction":[{"@type":"SearchAction","target":{"@type":"EntryPoint","urlTemplate":"https:\/\/www.intermercato.com\/?s={search_term_string}"},"query-input":{"@type":"PropertyValueSpecification","valueRequired":true,"valueName":"search_term_string"}}],"inLanguage":"es"}]}},"_links":{"self":[{"href":"https:\/\/www.intermercato.com\/es\/wp-json\/wp\/v2\/pages\/6551","targetHints":{"allow":["GET"]}}],"collection":[{"href":"https:\/\/www.intermercato.com\/es\/wp-json\/wp\/v2\/pages"}],"about":[{"href":"https:\/\/www.intermercato.com\/es\/wp-json\/wp\/v2\/types\/page"}],"author":[{"embeddable":true,"href":"https:\/\/www.intermercato.com\/es\/wp-json\/wp\/v2\/users\/4"}],"replies":[{"embeddable":true,"href":"https:\/\/www.intermercato.com\/es\/wp-json\/wp\/v2\/comments?post=6551"}],"version-history":[{"count":1,"href":"https:\/\/www.intermercato.com\/es\/wp-json\/wp\/v2\/pages\/6551\/revisions"}],"predecessor-version":[{"id":13792,"href":"https:\/\/www.intermercato.com\/es\/wp-json\/wp\/v2\/pages\/6551\/revisions\/13792"}],"wp:attachment":[{"href":"https:\/\/www.intermercato.com\/es\/wp-json\/wp\/v2\/media?parent=6551"}],"curies":[{"name":"wp","href":"https:\/\/api.w.org\/{rel}","templated":true}]}}