{"id":6899,"date":"2022-11-08T13:42:47","date_gmt":"2022-11-08T12:42:47","guid":{"rendered":"https:\/\/www.intermercato.com\/?page_id=6899"},"modified":"2024-01-31T19:28:14","modified_gmt":"2024-01-31T18:28:14","slug":"sobre-nos","status":"publish","type":"page","link":"https:\/\/www.intermercato.com\/pt-pt\/sobre-nos\/","title":{"rendered":"SOBRE N\u00d3S"},"content":{"rendered":"<h1>Sobre n\u00f3s<\/h1>\n<h6><strong>A Intermercato \u00e9 uma empresa familiar sueca que oferece uma das linhas mais vers\u00e1teis do mundo de equipamentos de eleva\u00e7\u00e3o de alta qualidade para silvicultura, transporte, constru\u00e7\u00e3o e reciclagem.<\/strong><\/h6>\n<p>A Intermercato fabrica garras, baldes articulados, rotores e balan\u00e7as de guindastes para exporta\u00e7\u00e3o para mais de 40 pa\u00edses nos 5 continentes. Com 30 anos de experi\u00eancia e um forte apoio da \u00e1rea de I&amp;D, enfrentamos o futuro com confian\u00e7a.<\/p>\n<h2><em>Conceito de neg\u00f3cios<\/em><\/h2>\n<p>A for\u00e7a da Intermercato consiste num foco em solu\u00e7\u00f5es inovadoras, principalmente nas duas ind\u00fastrias de reciclagem e bioenergia.<\/p>\n<p>A nossa inten\u00e7\u00e3o \u00e9 liderar o desenvolvimento t\u00e9cnico e desenvolver novos produtos<br \/>\na partir do zero numa intera\u00e7\u00e3o muito pr\u00f3xima com os nossos clientes e fornecedores.<\/p>\n<p>Pretendemos oferecer ao mercado uma das mais amplas e acess\u00edveis gama de acess\u00f3rios de eleva\u00e7\u00e3o e carregamento de alto desempenho do mundo para silvicultura, constru\u00e7\u00e3o, transporte e reciclagem.<\/p>\n<h2><em>Pol\u00edtica de neg\u00f3cios<\/em><\/h2>\n<p>O nosso trabalho de qualidade dever\u00e1 envolver todos os nossos funcion\u00e1rios e colaboradores com um foco em<\/p>\n<ul>\n<li>Solu\u00e7\u00f5es ideais com base em determinados requisitos e em consulta conjunta com o cliente<\/li>\n<li>Servi\u00e7o r\u00e1pido e tratamento de todos os assuntos, grandes e pequenos<\/li>\n<li>Ser um parceiro e fornecedor fi\u00e1vel<\/li>\n<li>Melhoria constante dos nossos produtos e servi\u00e7os num di\u00e1logo estreito com os nossos clientes<\/li>\n<\/ul>\n<p>Contribuiremos para um desenvolvimento sustent\u00e1vel tanto no que diz respeito aos nossos produtos como relativamente ao nosso neg\u00f3cio<\/p>\n<p>O nosso trabalho de prote\u00e7\u00e3o do ambiente ser\u00e1 um processo cont\u00ednuo onde nos esfor\u00e7aremos por utilizar a melhor t\u00e9cnica do ponto de vista ecol\u00f3gico<\/p>\n<p>Respeitaremos a lei e cumpriremos os regulamentos em vigor<\/p>\n","protected":false},"excerpt":{"rendered":"<p>Sobre n\u00f3s A Intermercato \u00e9 uma empresa familiar sueca que oferece uma das linhas mais vers\u00e1teis do mundo de equipamentos de eleva\u00e7\u00e3o de alta qualidade para silvicultura, transporte, constru\u00e7\u00e3o e [&hellip;]<\/p>\n","protected":false},"author":4,"featured_media":0,"parent":0,"menu_order":0,"comment_status":"closed","ping_status":"closed","template":"","meta":{"_acf_changed":false,"om_disable_all_campaigns":false,"_monsterinsights_skip_tracking":false,"_monsterinsights_sitenote_active":false,"_monsterinsights_sitenote_note":"","_monsterinsights_sitenote_category":0,"_uf_show_specific_survey":0,"_uf_disable_surveys":false,"footnotes":""},"class_list":["post-6899","page","type-page","status-publish","hentry"],"acf":[],"aioseo_notices":[],"yoast_head":"<!-- This site is optimized with the Yoast SEO plugin v27.4 - https:\/\/yoast.com\/product\/yoast-seo-wordpress\/ -->\n<title>SOBRE N\u00d3S - Intermercato<\/title>\n<meta name=\"robots\" content=\"index, follow, max-snippet:-1, max-image-preview:large, max-video-preview:-1\" \/>\n<link rel=\"canonical\" href=\"https:\/\/www.intermercato.com\/pt-pt\/sobre-nos\/\" \/>\n<meta property=\"og:locale\" content=\"pt_PT\" \/>\n<meta property=\"og:type\" content=\"article\" \/>\n<meta property=\"og:title\" content=\"SOBRE N\u00d3S - Intermercato\" \/>\n<meta property=\"og:description\" content=\"Sobre n\u00f3s A Intermercato \u00e9 uma empresa familiar sueca que oferece uma das linhas mais vers\u00e1teis do mundo de equipamentos de eleva\u00e7\u00e3o de alta qualidade para silvicultura, transporte, constru\u00e7\u00e3o e [&hellip;]\" \/>\n<meta property=\"og:url\" content=\"https:\/\/www.intermercato.com\/pt-pt\/sobre-nos\/\" \/>\n<meta property=\"og:site_name\" content=\"Intermercato\" \/>\n<meta property=\"article:modified_time\" content=\"2024-01-31T18:28:14+00:00\" \/>\n<meta name=\"twitter:label1\" content=\"Tempo estimado de leitura\" \/>\n\t<meta name=\"twitter:data1\" content=\"2 minutos\" \/>\n<script type=\"application\/ld+json\" class=\"yoast-schema-graph\">{\"@context\":\"https:\\\/\\\/schema.org\",\"@graph\":[{\"@type\":\"WebPage\",\"@id\":\"https:\\\/\\\/www.intermercato.com\\\/pt-pt\\\/sobre-nos\\\/\",\"url\":\"https:\\\/\\\/www.intermercato.com\\\/pt-pt\\\/sobre-nos\\\/\",\"name\":\"SOBRE N\u00d3S - Intermercato\",\"isPartOf\":{\"@id\":\"https:\\\/\\\/www.intermercato.com\\\/#website\"},\"datePublished\":\"2022-11-08T12:42:47+00:00\",\"dateModified\":\"2024-01-31T18:28:14+00:00\",\"breadcrumb\":{\"@id\":\"https:\\\/\\\/www.intermercato.com\\\/pt-pt\\\/sobre-nos\\\/#breadcrumb\"},\"inLanguage\":\"pt-PT\",\"potentialAction\":[{\"@type\":\"ReadAction\",\"target\":[\"https:\\\/\\\/www.intermercato.com\\\/pt-pt\\\/sobre-nos\\\/\"]}]},{\"@type\":\"BreadcrumbList\",\"@id\":\"https:\\\/\\\/www.intermercato.com\\\/pt-pt\\\/sobre-nos\\\/#breadcrumb\",\"itemListElement\":[{\"@type\":\"ListItem\",\"position\":1,\"name\":\"INICIAL\",\"item\":\"https:\\\/\\\/www.intermercato.com\\\/pt-pt\\\/\"},{\"@type\":\"ListItem\",\"position\":2,\"name\":\"SOBRE N\u00d3S\"}]},{\"@type\":\"WebSite\",\"@id\":\"https:\\\/\\\/www.intermercato.com\\\/#website\",\"url\":\"https:\\\/\\\/www.intermercato.com\\\/\",\"name\":\"Intermercato\",\"description\":\"High performance lift and load attachments for Forestry, Transport, Construction and Recycling\",\"potentialAction\":[{\"@type\":\"SearchAction\",\"target\":{\"@type\":\"EntryPoint\",\"urlTemplate\":\"https:\\\/\\\/www.intermercato.com\\\/?s={search_term_string}\"},\"query-input\":{\"@type\":\"PropertyValueSpecification\",\"valueRequired\":true,\"valueName\":\"search_term_string\"}}],\"inLanguage\":\"pt-PT\"}]}<\/script>\n<!-- \/ Yoast SEO plugin. -->","yoast_head_json":{"title":"SOBRE N\u00d3S - Intermercato","robots":{"index":"index","follow":"follow","max-snippet":"max-snippet:-1","max-image-preview":"max-image-preview:large","max-video-preview":"max-video-preview:-1"},"canonical":"https:\/\/www.intermercato.com\/pt-pt\/sobre-nos\/","og_locale":"pt_PT","og_type":"article","og_title":"SOBRE N\u00d3S - Intermercato","og_description":"Sobre n\u00f3s A Intermercato \u00e9 uma empresa familiar sueca que oferece uma das linhas mais vers\u00e1teis do mundo de equipamentos de eleva\u00e7\u00e3o de alta qualidade para silvicultura, transporte, constru\u00e7\u00e3o e [&hellip;]","og_url":"https:\/\/www.intermercato.com\/pt-pt\/sobre-nos\/","og_site_name":"Intermercato","article_modified_time":"2024-01-31T18:28:14+00:00","twitter_misc":{"Tempo estimado de leitura":"2 minutos"},"schema":{"@context":"https:\/\/schema.org","@graph":[{"@type":"WebPage","@id":"https:\/\/www.intermercato.com\/pt-pt\/sobre-nos\/","url":"https:\/\/www.intermercato.com\/pt-pt\/sobre-nos\/","name":"SOBRE N\u00d3S - Intermercato","isPartOf":{"@id":"https:\/\/www.intermercato.com\/#website"},"datePublished":"2022-11-08T12:42:47+00:00","dateModified":"2024-01-31T18:28:14+00:00","breadcrumb":{"@id":"https:\/\/www.intermercato.com\/pt-pt\/sobre-nos\/#breadcrumb"},"inLanguage":"pt-PT","potentialAction":[{"@type":"ReadAction","target":["https:\/\/www.intermercato.com\/pt-pt\/sobre-nos\/"]}]},{"@type":"BreadcrumbList","@id":"https:\/\/www.intermercato.com\/pt-pt\/sobre-nos\/#breadcrumb","itemListElement":[{"@type":"ListItem","position":1,"name":"INICIAL","item":"https:\/\/www.intermercato.com\/pt-pt\/"},{"@type":"ListItem","position":2,"name":"SOBRE N\u00d3S"}]},{"@type":"WebSite","@id":"https:\/\/www.intermercato.com\/#website","url":"https:\/\/www.intermercato.com\/","name":"Intermercato","description":"High performance lift and load attachments for Forestry, Transport, Construction and Recycling","potentialAction":[{"@type":"SearchAction","target":{"@type":"EntryPoint","urlTemplate":"https:\/\/www.intermercato.com\/?s={search_term_string}"},"query-input":{"@type":"PropertyValueSpecification","valueRequired":true,"valueName":"search_term_string"}}],"inLanguage":"pt-PT"}]}},"_links":{"self":[{"href":"https:\/\/www.intermercato.com\/pt-pt\/wp-json\/wp\/v2\/pages\/6899","targetHints":{"allow":["GET"]}}],"collection":[{"href":"https:\/\/www.intermercato.com\/pt-pt\/wp-json\/wp\/v2\/pages"}],"about":[{"href":"https:\/\/www.intermercato.com\/pt-pt\/wp-json\/wp\/v2\/types\/page"}],"author":[{"embeddable":true,"href":"https:\/\/www.intermercato.com\/pt-pt\/wp-json\/wp\/v2\/users\/4"}],"replies":[{"embeddable":true,"href":"https:\/\/www.intermercato.com\/pt-pt\/wp-json\/wp\/v2\/comments?post=6899"}],"version-history":[{"count":1,"href":"https:\/\/www.intermercato.com\/pt-pt\/wp-json\/wp\/v2\/pages\/6899\/revisions"}],"predecessor-version":[{"id":13791,"href":"https:\/\/www.intermercato.com\/pt-pt\/wp-json\/wp\/v2\/pages\/6899\/revisions\/13791"}],"wp:attachment":[{"href":"https:\/\/www.intermercato.com\/pt-pt\/wp-json\/wp\/v2\/media?parent=6899"}],"curies":[{"name":"wp","href":"https:\/\/api.w.org\/{rel}","templated":true}]}}